{"id":6214,"date":"2022-06-20T10:45:26","date_gmt":"2022-06-20T15:45:26","guid":{"rendered":"http:\/\/salvador-ins.one.zysites.com\/about-us\/"},"modified":"2023-01-05T16:40:50","modified_gmt":"2023-01-05T22:40:50","slug":"about-us","status":"publish","type":"page","link":"https:\/\/www.salvadorinsurance.com\/es\/about-us\/","title":{"rendered":"Sobre nosotros"},"content":{"rendered":"<h2>Entendemos sus necesidades de seguro y le brindamos el mejor valor y una atenci\u00f3n al cliente excepcional.<\/h2>\n<h3>Todas sus p\u00f3lizas en un lugar seguro<\/h3>\n<p>Est\u00e1s construyendo m\u00e1s que un negocio. Est\u00e1s construyendo un legado. Perm\u00edtanos ayudarlo a proteger y hacer crecer su negocio para un ma\u00f1ana mejor.<\/p>\n<p>Un socio de seguros que tiene en cuenta todas sus necesidades, para brindarle orientaci\u00f3n para el presente y el futuro<\/p>\n<p>Servicio superior y personalizado para construir relaciones significativas<\/p>\n<h3>Asociaciones<\/h3>\n<p>Salvador Insurance se enorgullece de asociarse con asociaciones y c\u00e1maras de comercio que est\u00e1n impactando los barrios donde todos vivimos, enviar a nuestros hijos a la escuela, contribuir con los jardines comunitarios, pasear por los parques y abrir las puertas a nuevos negocios.<\/p>\n<p>C\u00e1mara de Comercio Hispana de Illinois IHCC<br \/>\nAsociaci\u00f3n Hispanoamericana de la Industria de la Construcci\u00f3n<br \/>\nC\u00e1mara de Comercio de Logan Square<br \/>\nC\u00e1mara de Comercio de La Villita<br \/>\nAsociaci\u00f3n Nacional de Profesionales Hispanos en Bienes Ra\u00edces<\/p>\n<h3>Respaldos<\/h3>\n<p>Trabajamos para cada cliente y nos asociamos con proveedores de seguros distinguidos que ofrecen p\u00f3lizas y servicios de alta calidad para que pueda tomar decisiones con confianza y obtener el mejor valor por su inversi\u00f3n.<\/p>\n<p>Elecci\u00f3n de confianza<br \/>\nBBB \u2013 Empresa acreditada A+<br \/>\nPlanificador Financiero Certificado CFP\u00ae<br \/>\nAgentes de seguros independientes de Illinois IIA<\/p>\n<h2>Acerca de nuestro Fundador<\/h2>\n<p>Wil Salvador es planificador financiero certificado y asesor de seguros comerciales. Reconocido como un experto en la industria con 25 a\u00f1os de experiencia, abri\u00f3 las puertas de Salvador Insurance en 1993 como agente para servir a la ciudad en la que creci\u00f3 y para crear conexiones m\u00e1s profundas con las comunidades que m\u00e1s le importan.<\/p>\n<p>\u201cTrabajo para cada cliente\u201d, dice Wil, \u201cno para una empresa o proveedor\u201d. Laser se centr\u00f3 en ofrecer las p\u00f3lizas m\u00e1s adecuadas y de mayor valor tanto para clientes personales como comerciales, e insiste en que cada cliente obtenga un servicio de nivel platino.<\/p>\n<p>Su profundo conocimiento de la industria de seguros y su compromiso con una comunidad hispana desatendida en Chicago se encendieron durante su mandato en State Farm, donde pas\u00f3 14 a\u00f1os como agente conect\u00e1ndose con clientes, sirviendo a generaciones de familias y ayudando a los propietarios de peque\u00f1as empresas a crecer en mercados competitivos.<\/p>\n<p>Hoy, Salvador Insurance se asocia con m\u00e1s de 20 proveedores de seguros de primer nivel y la experiencia en lo que ofrece cada compa\u00f1\u00eda, lo que le permite evaluar las p\u00f3lizas y los paquetes que se adaptan perfectamente a cada cliente que conoce. Wil va mucho m\u00e1s all\u00e1 de una cotizaci\u00f3n: ofrece consejos y estrategias sobre el crecimiento a largo plazo y la protecci\u00f3n de las necesidades del cliente.<\/p>\n<h3>Mantenemos cuatro promesas para cada cliente porque la confianza y el servicio son lo m\u00e1s importante para nosotros.<\/h3>\n<p>\u00bfQuieres hablar con un humano? Ll\u00e1manos 773-777-1922<\/p>\n<p>Mandanos un mensaje. <a href=\"mailto:hello@salinsure.com?subject=Website%20Inquiry\">hello@salinsure.com<\/a><\/p>\n<p>Somos su defensor para ofrecer el mejor valor. Solo trabajamos con proveedores de seguros que ofrecen p\u00f3lizas de alta calidad y superan los est\u00e1ndares de la industria en cuanto a servicio y reputaci\u00f3n. Y aunque es posible que no los hayas considerado en el pasado, sus calificaciones de J.D. Powers te har\u00e1n cambiar de opini\u00f3n. Salvador Insurance tiene la experiencia para brindarle diversas opciones de p\u00f3lizas y asesorarlo sobre c\u00f3mo cada una lo ayudar\u00e1 a cumplir sus ambiciosos objetivos comerciales o asegurar el bienestar de su familia. Podr\u00e1 tomar decisiones seguras sobre su cobertura y estaremos all\u00ed para guiarlo durante todo el proceso.<\/p>\n<p>Siempre obtendr\u00e1 el mejor valor de nosotros. Estudiamos las tendencias de la industria y desarrollamos relaciones duraderas con socios proveedores de seguros para que podamos encontrar r\u00e1pidamente el mejor valor y la prima m\u00e1s baja mientras le brindamos una atenci\u00f3n al cliente excepcional.<\/p>\n","protected":false},"excerpt":{"rendered":"<p>Entendemos sus necesidades de seguro y le brindamos el mejor valor y una atenci\u00f3n al cliente excepcional. Todas sus p\u00f3lizas en un lugar seguro Est\u00e1s construyendo m\u00e1s que un negocio. Est\u00e1s construyendo un legado. Perm\u00edtanos ayudarlo a proteger y hacer crecer su negocio para un ma\u00f1ana mejor. Un socio de seguros que tiene en cuenta [&hellip;]<\/p>\n","protected":false},"author":6,"featured_media":0,"parent":0,"menu_order":0,"comment_status":"closed","ping_status":"closed","template":"","meta":{"_acf_changed":false,"_seopress_robots_primary_cat":null,"_seopress_titles_title":"","_seopress_titles_desc":"","_seopress_robots_index":"","_analytify_skip_tracking":false,"footnotes":""},"class_list":["post-6214","page","type-page","status-publish","hentry"],"acf":[],"_links":{"self":[{"href":"https:\/\/www.salvadorinsurance.com\/es\/wp-json\/wp\/v2\/pages\/6214","targetHints":{"allow":["GET"]}}],"collection":[{"href":"https:\/\/www.salvadorinsurance.com\/es\/wp-json\/wp\/v2\/pages"}],"about":[{"href":"https:\/\/www.salvadorinsurance.com\/es\/wp-json\/wp\/v2\/types\/page"}],"author":[{"embeddable":true,"href":"https:\/\/www.salvadorinsurance.com\/es\/wp-json\/wp\/v2\/users\/6"}],"replies":[{"embeddable":true,"href":"https:\/\/www.salvadorinsurance.com\/es\/wp-json\/wp\/v2\/comments?post=6214"}],"version-history":[{"count":0,"href":"https:\/\/www.salvadorinsurance.com\/es\/wp-json\/wp\/v2\/pages\/6214\/revisions"}],"wp:attachment":[{"href":"https:\/\/www.salvadorinsurance.com\/es\/wp-json\/wp\/v2\/media?parent=6214"}],"curies":[{"name":"wp","href":"https:\/\/api.w.org\/{rel}","templated":true}]}}